{"id":7998,"date":"2025-08-08T10:04:04","date_gmt":"2025-08-08T10:04:04","guid":{"rendered":"https:\/\/modelscyprus.com\/?page_id=7998"},"modified":"2025-08-19T12:12:47","modified_gmt":"2025-08-19T12:12:47","slug":"fitness-model-casting-call-photoshoot-in-north-cyprus-24th-of-august","status":"publish","type":"page","link":"https:\/\/modelscyprus.com\/ru\/fitness-model-casting-call-photoshoot-in-north-cyprus-24th-of-august\/","title":{"rendered":"Fitness Model Casting Call \u2013 Photoshoot in North Cyprus 24th of August"},"content":{"rendered":"\t\t<div data-elementor-type=\"wp-page\" data-elementor-id=\"7998\" class=\"elementor elementor-7998\">\n\t\t\t\t\t\t<section class=\"elementor-section elementor-top-section elementor-element elementor-element-2d36154 animated-slow elementor-section-boxed elementor-section-height-default elementor-section-height-default elementor-invisible\" data-id=\"2d36154\" data-element_type=\"section\" data-e-type=\"section\" data-settings=\"{&quot;animation&quot;:&quot;fadeIn&quot;,&quot;animation_delay&quot;:5}\">\n\t\t\t\t\t\t<div class=\"elementor-container elementor-column-gap-default\">\n\t\t\t\t\t<div class=\"elementor-column elementor-col-100 elementor-top-column elementor-element elementor-element-c3546c4\" data-id=\"c3546c4\" data-element_type=\"column\" data-e-type=\"column\" data-settings=\"{&quot;background_background&quot;:&quot;classic&quot;}\">\n\t\t\t<div class=\"elementor-widget-wrap elementor-element-populated\">\n\t\t\t\t\t\t<div class=\"elementor-element elementor-element-bb1acdc elementor-widget elementor-widget-heading\" data-id=\"bb1acdc\" data-element_type=\"widget\" data-e-type=\"widget\" data-widget_type=\"heading.default\">\n\t\t\t\t<div class=\"elementor-widget-container\">\n\t\t\t\t\t<h1 class=\"elementor-heading-title elementor-size-default\">Fitness Model Casting Call \u2013 Photoshoot in North Cyprus 24th of August<\/h1>\t\t\t\t<\/div>\n\t\t\t\t<\/div>\n\t\t\t\t<div class=\"elementor-element elementor-element-4cdadc4 elementor-widget elementor-widget-image\" data-id=\"4cdadc4\" data-element_type=\"widget\" data-e-type=\"widget\" data-widget_type=\"image.default\">\n\t\t\t\t<div class=\"elementor-widget-container\">\n\t\t\t\t\t\t\t\t\t\t\t\t\t\t\t<img fetchpriority=\"high\" decoding=\"async\" width=\"1536\" height=\"1024\" src=\"https:\/\/modelscyprus.com\/wp-content\/uploads\/2025\/08\/fitness-models-photoshoot-cyprus-august-2025.png\" class=\"attachment-full size-full wp-image-8000\" alt=\"Two female fitness models posing in activewear during a photoshoot in North Cyprus for a fitness brand campaign, August 2025\" srcset=\"https:\/\/modelscyprus.com\/wp-content\/uploads\/2025\/08\/fitness-models-photoshoot-cyprus-august-2025.png 1536w, https:\/\/modelscyprus.com\/wp-content\/uploads\/2025\/08\/fitness-models-photoshoot-cyprus-august-2025-300x200.png 300w, https:\/\/modelscyprus.com\/wp-content\/uploads\/2025\/08\/fitness-models-photoshoot-cyprus-august-2025-1024x683.png 1024w, https:\/\/modelscyprus.com\/wp-content\/uploads\/2025\/08\/fitness-models-photoshoot-cyprus-august-2025-768x512.png 768w\" sizes=\"(max-width: 1536px) 100vw, 1536px\" \/>\t\t\t\t\t\t\t\t\t\t\t\t\t\t\t<\/div>\n\t\t\t\t<\/div>\n\t\t\t\t<div class=\"elementor-element elementor-element-b7b4e6b elementor-widget elementor-widget-text-editor\" data-id=\"b7b4e6b\" data-element_type=\"widget\" data-e-type=\"widget\" data-widget_type=\"text-editor.default\">\n\t\t\t\t<div class=\"elementor-widget-container\">\n\t\t\t\t\t\t\t\t\t<p><span style=\"font-size: 1.5625rem; font-style: inherit; font-weight: bold; text-decoration-line: initial;\">Fitness Model Casting Call \u2013 Photoshoot in North Cyprus<\/span><\/p>\n<p>Models Cyprus is casting two female models for an exclusive fitness brand photoshoot taking place on <strong>Saturday, 24th August 2025<\/strong>, at <strong>Tatl\u0131su Belediyesi Zambak Tatil K\u00f6y\u00fc in North Cyprus<\/strong>. <br><a href=\"https:\/\/maps.app.goo.gl\/3MJ64aKReAEbdXfbA\"><b>View location on map<\/b><\/a><\/p>\n<p>This is a high-quality, short-format shoot designed to capture powerful, professional imagery for a global fitness brand.&nbsp;<\/p>\n<p>The session will run from <strong>12:00 to 14:00pm<\/strong>, with logistics fully managed by the Models Cyprus team.<\/p>\n<h3>About the Photoshoot<\/h3>\n<p>This is a commercial shoot for a fitness and activewear brand. The selected models will take part in a two-hour, structured session focused on dynamic, serious-looking poses that highlight fitness apparel.&nbsp;<\/p>\n<p>The visuals will be used across the brand\u2019s website, advertising campaigns, and social media channels.<\/p>\n<h3>Model Requirements<\/h3>\n<p>We are seeking <strong>two female models<\/strong> who meet the following criteria:<\/p>\n<ul>\n<li>\n<p>Size Small (S)<\/p>\n<\/li>\n<li>\n<p>Natural and clean look<\/p>\n<\/li>\n<li>\n<p>Experienced in fitness or activewear modelling<\/p>\n<\/li>\n<li>\n<p>Comfortable with structured posing and conveying a confident, serious presence on camera<\/p>\n<\/li>\n<\/ul>\n<h3>Shoot Details<\/h3>\n<ul>\n<li>\n<p><strong>Date:<\/strong> Saturday, 24th of August 2025<\/p><\/li>\n<li>\n<p><strong>Time:<\/strong> 12:00 \u2013 14:00 (2-hour shoot)<\/p>\n<\/li>\n<li>\n<p><strong>Location:<\/strong> Tatl\u0131su Belediyesi Zambak Tatil K\u00f6y\u00fc, North Cyprus<\/p>\n<\/li>\n<li>\n<p><strong>Usage:<\/strong> Website, social media, and commercial advertising<\/p>\n<\/li>\n<li>\n<p><strong>Wardrobe:<\/strong> Clothing provided by the brand. Models must bring multiple pairs of clean white fitness shoes<\/p>\n<\/li>\n<li>\n<p><strong>Styling:<\/strong> A professional hair and makeup stylist will be present on set<\/p>\n<\/li>\n<li>\n<p><strong>Logistics:<\/strong> Full support and coordination provided by Models Cyprus<\/p>\n<\/li>\n<\/ul>\n<h3>How to Apply<\/h3>\n<p><strong>Due to short notice, applications must be submitted by the end of today. Final selections will be confirmed immediately.<\/strong><\/p>\t\t\t\t\t\t\t\t<\/div>\n\t\t\t\t<\/div>\n\t\t\t\t<div class=\"elementor-element elementor-element-297d738 elementor-widget elementor-widget-heading\" data-id=\"297d738\" data-element_type=\"widget\" data-e-type=\"widget\" data-widget_type=\"heading.default\">\n\t\t\t\t<div class=\"elementor-widget-container\">\n\t\t\t\t\t<h2 class=\"elementor-heading-title elementor-size-default\">Fill in the form below to apply<\/h2>\t\t\t\t<\/div>\n\t\t\t\t<\/div>\n\t\t\t\t<div class=\"elementor-element elementor-element-f6fe82d elementor-widget elementor-widget-wpforms\" data-id=\"f6fe82d\" data-element_type=\"widget\" data-e-type=\"widget\" id=\"cocktailform\" data-widget_type=\"wpforms.default\">\n\t\t\t\t<div class=\"elementor-widget-container\">\n\t\t\t\t\t<style id=\"wpforms-css-vars-elementor-widget-f6fe82d\">\n\t\t\t\t.elementor-widget-wpforms.elementor-element-f6fe82d {\n\t\t\t\t--wpforms-button-background-color: #000000;\n\t\t\t}\n\t\t\t<\/style><div class=\"wpforms-container wpforms-container-full wpforms-render-modern\" id=\"wpforms-8004\"><form id=\"wpforms-form-8004\" class=\"wpforms-validate wpforms-form wpforms-ajax-form\" data-formid=\"8004\" method=\"post\" enctype=\"multipart\/form-data\" action=\"\/ru\/wp-json\/wp\/v2\/pages\/7998?wpforms_form_id=8004\" data-token=\"7eca2c35a8e88a5eda60d60d45a9d067\" data-token-time=\"1778174020\"><noscript class=\"wpforms-error-noscript\">\u0414\u043b\u044f \u0437\u0430\u043f\u043e\u043b\u043d\u0435\u043d\u0438\u044f \u0434\u0430\u043d\u043d\u043e\u0439 \u0444\u043e\u0440\u043c\u044b \u0432\u043a\u043b\u044e\u0447\u0438\u0442\u0435 JavaScript \u0432 \u0431\u0440\u0430\u0443\u0437\u0435\u0440\u0435.<\/noscript><div id=\"wpforms-error-noscript\" style=\"display: none;\">\u0414\u043b\u044f \u0437\u0430\u043f\u043e\u043b\u043d\u0435\u043d\u0438\u044f \u0434\u0430\u043d\u043d\u043e\u0439 \u0444\u043e\u0440\u043c\u044b \u0432\u043a\u043b\u044e\u0447\u0438\u0442\u0435 JavaScript \u0432 \u0431\u0440\u0430\u0443\u0437\u0435\u0440\u0435.<\/div><div class=\"wpforms-field-container\"><div id=\"wpforms-8004-field_1-container\" class=\"wpforms-field wpforms-field-name\" data-field-id=\"1\"><fieldset><legend class=\"wpforms-field-label\">Name &amp; Surname <span class=\"wpforms-required-label\" aria-hidden=\"true\">*<\/span><\/legend><div class=\"wpforms-field-row wpforms-field-medium\"><div class=\"wpforms-field-row-block wpforms-first wpforms-one-half\"><input type=\"text\" id=\"wpforms-8004-field_1\" class=\"wpforms-field-name-first wpforms-field-required\" name=\"wpforms[fields][1][first]\" aria-errormessage=\"wpforms-8004-field_1-error\" required><label for=\"wpforms-8004-field_1\" class=\"wpforms-field-sublabel after\">\u0418\u043c\u044f<\/label><\/div><div class=\"wpforms-field-row-block wpforms-one-half\"><input type=\"text\" id=\"wpforms-8004-field_1-last\" class=\"wpforms-field-name-last wpforms-field-required\" name=\"wpforms[fields][1][last]\" aria-errormessage=\"wpforms-8004-field_1-last-error\" required><label for=\"wpforms-8004-field_1-last\" class=\"wpforms-field-sublabel after\">\u0424\u0430\u043c\u0438\u043b\u0438\u044f<\/label><\/div><\/div><\/fieldset><\/div><div id=\"wpforms-8004-field_2-container\" class=\"wpforms-field wpforms-field-phone\" data-field-id=\"2\"><label class=\"wpforms-field-label\" for=\"wpforms-8004-field_2\">Phone Number <span class=\"wpforms-required-label\" aria-hidden=\"true\">*<\/span><\/label><input type=\"tel\" id=\"wpforms-8004-field_2\" class=\"wpforms-field-medium wpforms-field-required wpforms-smart-phone-field\" data-rule-smart-phone-field=\"true\" name=\"wpforms[fields][2]\" placeholder=\"123 456 7890\" aria-label=\"Phone Number\" aria-errormessage=\"wpforms-8004-field_2-error\" required><\/div><div id=\"wpforms-8004-field_3-container\" class=\"wpforms-field wpforms-field-email\" data-field-id=\"3\"><label class=\"wpforms-field-label\" for=\"wpforms-8004-field_3\">Email <span class=\"wpforms-required-label\" aria-hidden=\"true\">*<\/span><\/label><input type=\"email\" id=\"wpforms-8004-field_3\" class=\"wpforms-field-medium wpforms-field-required\" name=\"wpforms[fields][3]\" spellcheck=\"false\" aria-errormessage=\"wpforms-8004-field_3-error\" required><\/div><div id=\"wpforms-8004-field_17-container\" class=\"wpforms-field wpforms-field-url\" data-field-id=\"17\"><label class=\"wpforms-field-label\" for=\"wpforms-8004-field_17\">Please add your instagram profile link:<\/label><input type=\"url\" id=\"wpforms-8004-field_17\" class=\"wpforms-field-medium\" name=\"wpforms[fields][17]\" aria-errormessage=\"wpforms-8004-field_17-error\" ><\/div><div id=\"wpforms-8004-field_6-container\" class=\"wpforms-field wpforms-field-radio\" data-field-id=\"6\"><fieldset><legend class=\"wpforms-field-label\">Do you have transport? If not we can help you. <span class=\"wpforms-required-label\" aria-hidden=\"true\">*<\/span><\/legend><ul id=\"wpforms-8004-field_6\" class=\"wpforms-field-required\"><li class=\"choice-1 depth-1\"><input type=\"radio\" id=\"wpforms-8004-field_6_1\" name=\"wpforms[fields][6]\" value=\"Yes\" aria-errormessage=\"wpforms-8004-field_6_1-error\" required ><label class=\"wpforms-field-label-inline\" for=\"wpforms-8004-field_6_1\">Yes<\/label><\/li><li class=\"choice-2 depth-1\"><input type=\"radio\" id=\"wpforms-8004-field_6_2\" name=\"wpforms[fields][6]\" value=\"No\" aria-errormessage=\"wpforms-8004-field_6_2-error\" required ><label class=\"wpforms-field-label-inline\" for=\"wpforms-8004-field_6_2\">No<\/label><\/li><\/ul><\/fieldset><\/div><div id=\"wpforms-8004-field_14-container\" class=\"wpforms-field wpforms-field-radio\" data-field-id=\"14\"><fieldset><legend class=\"wpforms-field-label\">Do you have experience with fitness shoots? <span class=\"wpforms-required-label\" aria-hidden=\"true\">*<\/span><\/legend><ul id=\"wpforms-8004-field_14\" class=\"wpforms-field-required\"><li class=\"choice-1 depth-1\"><input type=\"radio\" id=\"wpforms-8004-field_14_1\" name=\"wpforms[fields][14]\" value=\"Yes\" aria-errormessage=\"wpforms-8004-field_14_1-error\" required ><label class=\"wpforms-field-label-inline\" for=\"wpforms-8004-field_14_1\">Yes<\/label><\/li><li class=\"choice-2 depth-1\"><input type=\"radio\" id=\"wpforms-8004-field_14_2\" name=\"wpforms[fields][14]\" value=\"No\" aria-errormessage=\"wpforms-8004-field_14_2-error\" required ><label class=\"wpforms-field-label-inline\" for=\"wpforms-8004-field_14_2\">No<\/label><\/li><\/ul><\/fieldset><\/div><div id=\"wpforms-8004-field_16-container\" class=\"wpforms-field wpforms-field-radio\" data-field-id=\"16\"><fieldset><legend class=\"wpforms-field-label\">Do you have multiple white sneakers\/fitness shoes? This is required. <span class=\"wpforms-required-label\" aria-hidden=\"true\">*<\/span><\/legend><ul id=\"wpforms-8004-field_16\" class=\"wpforms-field-required\"><li class=\"choice-1 depth-1\"><input type=\"radio\" id=\"wpforms-8004-field_16_1\" name=\"wpforms[fields][16]\" value=\"Yes\" aria-errormessage=\"wpforms-8004-field_16_1-error\" required ><label class=\"wpforms-field-label-inline\" for=\"wpforms-8004-field_16_1\">Yes<\/label><\/li><li class=\"choice-2 depth-1\"><input type=\"radio\" id=\"wpforms-8004-field_16_2\" name=\"wpforms[fields][16]\" value=\"No\" aria-errormessage=\"wpforms-8004-field_16_2-error\" required ><label class=\"wpforms-field-label-inline\" for=\"wpforms-8004-field_16_2\">No<\/label><\/li><\/ul><\/fieldset><\/div>\t\t<div id=\"wpforms-8004-field_4-container\"\n\t\t\tclass=\"wpforms-field wpforms-field-text\"\n\t\t\tdata-field-type=\"text\"\n\t\t\tdata-field-id=\"4\"\n\t\t\t>\n\t\t\t<label class=\"wpforms-field-label\" for=\"wpforms-8004-field_4\" >&amp; instagram Upload<\/label>\n\t\t\t<input type=\"text\" id=\"wpforms-8004-field_4\" class=\"wpforms-field-medium\" name=\"wpforms[fields][4]\" >\n\t\t<\/div>\n\t\t<div id=\"wpforms-8004-field_18-container\" class=\"wpforms-field wpforms-field-file-upload\" data-field-id=\"18\"><label class=\"wpforms-field-label\" for=\"wpforms-8004-field_18\">Upload fitness related images, sportswear &amp; physique <span class=\"wpforms-required-label\" aria-hidden=\"true\">*<\/span><\/label><div\n\t\tclass=\"wpforms-uploader wpforms-field-required\"\n\t\tdata-field-id=\"18\"\n\t\tdata-form-id=\"8004\"\n\t\tdata-input-name=\"wpforms_8004_18\"\n\t\tdata-extensions=\"jpg,jpeg,png,gif,webp\"\n\t\tdata-max-size=\"1073741824\"\n\t\tdata-max-file-number=\"10\"\n\t\tdata-post-max-size=\"1073741824\"\n\t\tdata-max-parallel-uploads=\"4\"\n\t\tdata-parallel-uploads=\"true\"\n\t\tdata-file-chunk-size=\"2097152\">\n\t<div class=\"dz-message\">\n\t\t<svg  viewBox=\"0 0 640 640\" focusable=\"false\" data-icon=\"inbox\" width=\"50px\" height=\"50px\" fill=\"currentColor\" aria-hidden=\"true\">\n\t\t\t<path d=\"M352 173.3L352 384C352 401.7 337.7 416 320 416C302.3 416 288 401.7 288 384L288 173.3L246.6 214.7C234.1 227.2 213.8 227.2 201.3 214.7C188.8 202.2 188.8 181.9 201.3 169.4L297.3 73.4C309.8 60.9 330.1 60.9 342.6 73.4L438.6 169.4C451.1 181.9 451.1 202.2 438.6 214.7C426.1 227.2 405.8 227.2 393.3 214.7L352 173.3zM320 464C364.2 464 400 428.2 400 384L480 384C515.3 384 544 412.7 544 448L544 480C544 515.3 515.3 544 480 544L160 544C124.7 544 96 515.3 96 480L96 448C96 412.7 124.7 384 160 384L240 384C240 428.2 275.8 464 320 464zM464 488C477.3 488 488 477.3 488 464C488 450.7 477.3 440 464 440C450.7 440 440 450.7 440 464C440 477.3 450.7 488 464 488z\"\/>\n\t\t<\/svg>\n\n\t\t<span class=\"modern-title\">\n\t\t\t\t\t\t\tDrag &amp; Drop Files, \t\t\t\t<span>Choose Files to Upload<\/span>\n\t\t\t\t\t<\/span>\n\n\t\t\t\t\t<span class=\"modern-hint\">\u0412\u044b \u043c\u043e\u0436\u0435\u0442\u0435 \u0437\u0430\u0433\u0440\u0443\u0437\u0438\u0442\u044c \u0434\u043e 10 \u0444\u0430\u0439\u043b\u043e\u0432.<\/span>\n\t\t\t<\/div>\n<\/div>\n\n<input\n\t\ttype=\"text\"\n\t\tautocomplete=\"off\"\n\t\treadonly\n\t\tclass=\"dropzone-input\"\n\t\tstyle=\"position:absolute!important;clip:rect(0,0,0,0)!important;height:1px!important;width:1px!important;border:0!important;overflow:hidden!important;padding:0!important;margin:0!important;\"\n\t\tid=\"wpforms-8004-field_18\"\n\t\tname=\"wpforms_8004_18\" required\t\tvalue=\"\">\n<\/div><script>\n\t\t\t\t( function() {\n\t\t\t\t\tconst style = document.createElement( 'style' );\n\t\t\t\t\tstyle.appendChild( document.createTextNode( '#wpforms-8004-field_4-container { position: absolute !important; overflow: hidden !important; display: inline !important; height: 1px !important; width: 1px !important; z-index: -1000 !important; padding: 0 !important; } #wpforms-8004-field_4-container input { visibility: hidden; } #wpforms-conversational-form-page #wpforms-8004-field_4-container label { counter-increment: none; }' ) );\n\t\t\t\t\tdocument.head.appendChild( style );\n\t\t\t\t\tdocument.currentScript?.remove();\n\t\t\t\t} )();\n\t\t\t<\/script><\/div><!-- .wpforms-field-container --><div class=\"wpforms-submit-container\" ><input type=\"hidden\" name=\"wpforms[id]\" value=\"8004\"><input type=\"hidden\" name=\"page_title\" value=\"\"><input type=\"hidden\" name=\"page_url\" value=\"https:\/\/modelscyprus.com\/ru\/wp-json\/wp\/v2\/pages\/7998\"><input type=\"hidden\" name=\"url_referer\" value=\"\"><button type=\"submit\" name=\"wpforms[submit]\" id=\"wpforms-submit-8004\" class=\"wpforms-submit\" data-alt-text=\"Sending\u2026\" data-submit-text=\"Apply Now\" aria-live=\"assertive\" value=\"wpforms-submit\">Apply Now<\/button><img decoding=\"async\" src=\"https:\/\/modelscyprus.com\/wp-content\/plugins\/wpforms\/assets\/images\/submit-spin.svg\" class=\"wpforms-submit-spinner\" style=\"display: none;\" width=\"26\" height=\"26\" alt=\"\u0417\u0430\u0433\u0440\u0443\u0437\u043a\u0430\"><\/div><\/form><\/div>  <!-- .wpforms-container -->\t\t\t\t<\/div>\n\t\t\t\t<\/div>\n\t\t\t\t\t<\/div>\n\t\t<\/div>\n\t\t\t\t\t<\/div>\n\t\t<\/section>\n\t\t\t\t<\/div>\n\t\t","protected":false},"excerpt":{"rendered":"<p>Fitness Model Casting Call \u2013 Photoshoot in North Cyprus 24th of August Fitness Model Casting Call \u2013 Photoshoot in North Cyprus Models Cyprus is casting two female models for an exclusive fitness brand photoshoot taking place on Saturday, 24th August 2025, at Tatl\u0131su Belediyesi Zambak Tatil K\u00f6y\u00fc in North Cyprus. View location on map This [&hellip;]<\/p>\n","protected":false},"author":1,"featured_media":8000,"parent":0,"menu_order":0,"comment_status":"closed","ping_status":"closed","template":"","meta":{"site-sidebar-layout":"no-sidebar","site-content-layout":"page-builder","ast-site-content-layout":"full-width-container","site-content-style":"default","site-sidebar-style":"default","ast-global-header-display":"","ast-banner-title-visibility":"","ast-main-header-display":"","ast-hfb-above-header-display":"","ast-hfb-below-header-display":"","ast-hfb-mobile-header-display":"","site-post-title":"","ast-breadcrumbs-content":"","ast-featured-img":"disabled","footer-sml-layout":"","ast-disable-related-posts":"","theme-transparent-header-meta":"","adv-header-id-meta":"","stick-header-meta":"","header-above-stick-meta":"","header-main-stick-meta":"","header-below-stick-meta":"","astra-migrate-meta-layouts":"set","ast-page-background-enabled":"default","ast-page-background-meta":{"desktop":{"background-color":"","background-image":"","background-repeat":"repeat","background-position":"center center","background-size":"auto","background-attachment":"scroll","background-type":"","background-media":"","overlay-type":"","overlay-color":"","overlay-opacity":"","overlay-gradient":""},"tablet":{"background-color":"","background-image":"","background-repeat":"repeat","background-position":"center center","background-size":"auto","background-attachment":"scroll","background-type":"","background-media":"","overlay-type":"","overlay-color":"","overlay-opacity":"","overlay-gradient":""},"mobile":{"background-color":"","background-image":"","background-repeat":"repeat","background-position":"center center","background-size":"auto","background-attachment":"scroll","background-type":"","background-media":"","overlay-type":"","overlay-color":"","overlay-opacity":"","overlay-gradient":""}},"ast-content-background-meta":{"desktop":{"background-color":"var(--ast-global-color-5)","background-image":"","background-repeat":"repeat","background-position":"center center","background-size":"auto","background-attachment":"scroll","background-type":"","background-media":"","overlay-type":"","overlay-color":"","overlay-opacity":"","overlay-gradient":""},"tablet":{"background-color":"var(--ast-global-color-5)","background-image":"","background-repeat":"repeat","background-position":"center center","background-size":"auto","background-attachment":"scroll","background-type":"","background-media":"","overlay-type":"","overlay-color":"","overlay-opacity":"","overlay-gradient":""},"mobile":{"background-color":"var(--ast-global-color-5)","background-image":"","background-repeat":"repeat","background-position":"center center","background-size":"auto","background-attachment":"scroll","background-type":"","background-media":"","overlay-type":"","overlay-color":"","overlay-opacity":"","overlay-gradient":""}},"footnotes":""},"class_list":["post-7998","page","type-page","status-publish","has-post-thumbnail","hentry"],"aioseo_notices":[],"rttpg_featured_image_url":{"full":["https:\/\/modelscyprus.com\/wp-content\/uploads\/2025\/08\/fitness-models-photoshoot-cyprus-august-2025.png",1536,1024,false],"landscape":["https:\/\/modelscyprus.com\/wp-content\/uploads\/2025\/08\/fitness-models-photoshoot-cyprus-august-2025.png",1536,1024,false],"portraits":["https:\/\/modelscyprus.com\/wp-content\/uploads\/2025\/08\/fitness-models-photoshoot-cyprus-august-2025.png",1536,1024,false],"thumbnail":["https:\/\/modelscyprus.com\/wp-content\/uploads\/2025\/08\/fitness-models-photoshoot-cyprus-august-2025-150x150.png",150,150,true],"medium":["https:\/\/modelscyprus.com\/wp-content\/uploads\/2025\/08\/fitness-models-photoshoot-cyprus-august-2025-300x200.png",300,200,true],"large":["https:\/\/modelscyprus.com\/wp-content\/uploads\/2025\/08\/fitness-models-photoshoot-cyprus-august-2025-1024x683.png",1024,683,true],"1536x1536":["https:\/\/modelscyprus.com\/wp-content\/uploads\/2025\/08\/fitness-models-photoshoot-cyprus-august-2025.png",1536,1024,false],"2048x2048":["https:\/\/modelscyprus.com\/wp-content\/uploads\/2025\/08\/fitness-models-photoshoot-cyprus-august-2025.png",1536,1024,false],"trp-custom-language-flag":["https:\/\/modelscyprus.com\/wp-content\/uploads\/2025\/08\/fitness-models-photoshoot-cyprus-august-2025.png",18,12,false]},"rttpg_author":{"display_name":"acoralini10@gmail.com","author_link":"https:\/\/modelscyprus.com\/ru\/author\/acoralini10gmail-com\/"},"rttpg_comment":0,"rttpg_category":null,"rttpg_excerpt":"Fitness Model Casting Call \u2013 Photoshoot in North Cyprus 24th of August Fitness Model Casting Call \u2013 Photoshoot in North Cyprus Models Cyprus is casting two female models for an exclusive fitness brand photoshoot taking place on Saturday, 24th August 2025, at Tatl\u0131su Belediyesi Zambak Tatil K\u00f6y\u00fc in North Cyprus. View location on map This&hellip;","_links":{"self":[{"href":"https:\/\/modelscyprus.com\/ru\/wp-json\/wp\/v2\/pages\/7998","targetHints":{"allow":["GET"]}}],"collection":[{"href":"https:\/\/modelscyprus.com\/ru\/wp-json\/wp\/v2\/pages"}],"about":[{"href":"https:\/\/modelscyprus.com\/ru\/wp-json\/wp\/v2\/types\/page"}],"author":[{"embeddable":true,"href":"https:\/\/modelscyprus.com\/ru\/wp-json\/wp\/v2\/users\/1"}],"replies":[{"embeddable":true,"href":"https:\/\/modelscyprus.com\/ru\/wp-json\/wp\/v2\/comments?post=7998"}],"version-history":[{"count":32,"href":"https:\/\/modelscyprus.com\/ru\/wp-json\/wp\/v2\/pages\/7998\/revisions"}],"predecessor-version":[{"id":8717,"href":"https:\/\/modelscyprus.com\/ru\/wp-json\/wp\/v2\/pages\/7998\/revisions\/8717"}],"wp:featuredmedia":[{"embeddable":true,"href":"https:\/\/modelscyprus.com\/ru\/wp-json\/wp\/v2\/media\/8000"}],"wp:attachment":[{"href":"https:\/\/modelscyprus.com\/ru\/wp-json\/wp\/v2\/media?parent=7998"}],"curies":[{"name":"wp","href":"https:\/\/api.w.org\/{rel}","templated":true}]}}